{"id":1368,"date":"2019-08-17T03:54:34","date_gmt":"2019-08-17T01:54:34","guid":{"rendered":"http:\/\/adventureisupthere.com\/?page_id=1368"},"modified":"2024-03-14T03:35:14","modified_gmt":"2024-03-14T02:35:14","slug":"a-propos","status":"publish","type":"page","link":"https:\/\/adventureisupthere.com\/index.php\/a-propos\/","title":{"rendered":"Qui suis-je ?"},"content":{"rendered":"\n\n\n<div class=\"wp-block-columns is-layout-flex wp-container-core-columns-is-layout-9d6595d7 wp-block-columns-is-layout-flex\">\n<div class=\"wp-block-column is-layout-flow wp-block-column-is-layout-flow\"><div class=\"wp-block-image\">\n<figure class=\"alignright size-large\"><img loading=\"lazy\" decoding=\"async\" width=\"768\" height=\"1024\" src=\"https:\/\/adventureisupthere.com\/wp-content\/uploads\/2024\/03\/IMG_20230516_123659-768x1024.jpg\" alt=\"\" class=\"wp-image-10232\" srcset=\"https:\/\/adventureisupthere.com\/wp-content\/uploads\/2024\/03\/IMG_20230516_123659-768x1024.jpg 768w, https:\/\/adventureisupthere.com\/wp-content\/uploads\/2024\/03\/IMG_20230516_123659-225x300.jpg 225w, https:\/\/adventureisupthere.com\/wp-content\/uploads\/2024\/03\/IMG_20230516_123659-1152x1536.jpg 1152w, https:\/\/adventureisupthere.com\/wp-content\/uploads\/2024\/03\/IMG_20230516_123659-1536x2048.jpg 1536w, https:\/\/adventureisupthere.com\/wp-content\/uploads\/2024\/03\/IMG_20230516_123659-1140x1520.jpg 1140w, https:\/\/adventureisupthere.com\/wp-content\/uploads\/2024\/03\/IMG_20230516_123659-scaled.jpg 1920w\" sizes=\"auto, (max-width: 768px) 100vw, 768px\" \/><\/figure>\n<\/div><\/div>\n\n\n\n<div class=\"wp-block-column is-layout-flow wp-block-column-is-layout-flow\">\n<div style=\"height:48px\" aria-hidden=\"true\" class=\"wp-block-spacer\"><\/div>\n\n\n\n<p class=\"has-text-align-center\"> Derri\u00e8re <strong>Adventure Is Up There<\/strong>, il y a Julie, amoureuse du voyage, convertie \u00e0 la vanlife et passionn\u00e9e par la d\u00e9couverte du monde. <\/p>\n\n\n\n<p class=\"has-text-align-center\">Originaire du sud de la France, j&rsquo;ai 30 ans, je vis \u00e0 Montr\u00e9al, je travaille dans l&rsquo;\u00e9dition et j&rsquo;ai toujours soif d&rsquo;aventures !<\/p>\n\n\n\n<p class=\"has-text-align-center\">Apr\u00e8s plusieurs voyages en Europe, un PVT d&rsquo;un an au Chili et un second PVT au Canada, j&rsquo;ai encore 1001 projets et j&rsquo;ai h\u00e2te de les partager avec vous.<\/p>\n\n\n\n<p class=\"has-text-align-center\"><strong>Pourquoi Adventure Is Up There ?<\/strong><\/p>\n\n\n\n<p class=\"has-text-align-center\">Il s&rsquo;agit d&rsquo;une r\u00e9f\u00e9rence au film d&rsquo;animation Pixar \u00ab\u00a0L\u00e0-haut\u00a0\u00bb.<br>Dans la version originale, la phrase \u00ab\u00a0<em>adventure is out there<\/em>\u00a0\u00bb est r\u00e9p\u00e9t\u00e9e plusieurs fois. Le film s&rsquo;appelle <em>Up<\/em> en anglais, j&rsquo;ai donc chang\u00e9 le <em>out<\/em> par le <em>up<\/em> pour un double clin d&rsquo;oeil. D&rsquo;ailleurs, si vous ne l&rsquo;avez pas encore vu, foncez ! C&rsquo;est une belle ode au voyage et au fait de r\u00e9aliser ses r\u00eaves, \u00e0 tout \u00e2ge et tout instant de sa vie.<\/p>\n\n\n\n<p><\/p>\n<\/div>\n<\/div>\n\n\n\n<div class=\"wp-block-columns is-layout-flex wp-container-core-columns-is-layout-9d6595d7 wp-block-columns-is-layout-flex\">\n<div class=\"wp-block-column is-layout-flow wp-block-column-is-layout-flow\">\n<p class=\"has-text-align-center\"><\/p>\n<\/div>\n<\/div>\n\n\n\n<hr class=\"wp-block-separator has-css-opacity\"\/>\n\n\n\n<h2 class=\"has-text-align-center wp-block-heading\">Portfolio<\/h2>\n\n\n\n<hr class=\"wp-block-separator has-css-opacity\"\/>\n\n\n\n<div class=\"wp-block-columns is-layout-flex wp-container-core-columns-is-layout-9d6595d7 wp-block-columns-is-layout-flex\">\n<div class=\"wp-block-column is-layout-flow wp-block-column-is-layout-flow\">\n<figure class=\"wp-block-image size-large\"><a href=\"https:\/\/nomademagazine.com\/author\/juliecoupet\/\"><img loading=\"lazy\" decoding=\"async\" width=\"1004\" height=\"591\" src=\"https:\/\/adventureisupthere.com\/wp-content\/uploads\/2020\/04\/Sans-titre-8.jpg\" alt=\"\" class=\"wp-image-2552\" srcset=\"https:\/\/adventureisupthere.com\/wp-content\/uploads\/2020\/04\/Sans-titre-8.jpg 1004w, https:\/\/adventureisupthere.com\/wp-content\/uploads\/2020\/04\/Sans-titre-8-300x177.jpg 300w, https:\/\/adventureisupthere.com\/wp-content\/uploads\/2020\/04\/Sans-titre-8-768x452.jpg 768w\" sizes=\"auto, (max-width: 1004px) 100vw, 1004px\" \/><\/a><\/figure>\n\n\n\n<p><\/p>\n<\/div>\n\n\n\n<div class=\"wp-block-column is-layout-flow wp-block-column-is-layout-flow\">\n<figure class=\"wp-block-image size-large\"><a href=\"https:\/\/faimdevoyages.com\/volontariat\/volontariat-valparaiso-chili\"><img loading=\"lazy\" decoding=\"async\" width=\"1004\" height=\"591\" src=\"https:\/\/adventureisupthere.com\/wp-content\/uploads\/2020\/04\/Sans-titre-5-1.jpg\" alt=\"\" class=\"wp-image-2564\" srcset=\"https:\/\/adventureisupthere.com\/wp-content\/uploads\/2020\/04\/Sans-titre-5-1.jpg 1004w, https:\/\/adventureisupthere.com\/wp-content\/uploads\/2020\/04\/Sans-titre-5-1-300x177.jpg 300w, https:\/\/adventureisupthere.com\/wp-content\/uploads\/2020\/04\/Sans-titre-5-1-768x452.jpg 768w\" sizes=\"auto, (max-width: 1004px) 100vw, 1004px\" \/><\/a><\/figure>\n<\/div>\n\n\n\n<div class=\"wp-block-column is-layout-flow wp-block-column-is-layout-flow\">\n<figure class=\"wp-block-image size-large\"><a href=\"https:\/\/www.routard.com\/monde-en-images-voyage-photo-diaporama\/cid138644-nos-coups-de-coeur-instagram-janvier-2020.html?fbclid=IwAR3dgnDDMO2MwaqfRkbGPfVHsWfXxCJLZOIcrJyPsqSTSJZeuJ8WLBxKy9w\"><img loading=\"lazy\" decoding=\"async\" width=\"501\" height=\"294\" src=\"https:\/\/adventureisupthere.com\/wp-content\/uploads\/2020\/04\/Sans-titre-2-1.jpg\" alt=\"\" class=\"wp-image-2547\" srcset=\"https:\/\/adventureisupthere.com\/wp-content\/uploads\/2020\/04\/Sans-titre-2-1.jpg 501w, https:\/\/adventureisupthere.com\/wp-content\/uploads\/2020\/04\/Sans-titre-2-1-300x176.jpg 300w\" sizes=\"auto, (max-width: 501px) 100vw, 501px\" \/><\/a><\/figure>\n<\/div>\n<\/div>\n\n\n\n<p><\/p>\n\n\n\n<div class=\"wp-block-columns is-layout-flex wp-container-core-columns-is-layout-9d6595d7 wp-block-columns-is-layout-flex\">\n<div class=\"wp-block-column is-layout-flow wp-block-column-is-layout-flow\">\n<figure class=\"wp-block-image size-large\"><a href=\"https:\/\/pvtistes.net\/interviews\/julie-traverser-chili-van-pvt\/?fbclid=IwAR0IEtXeJLvK8trgHsLhiSdhP5DRtvGF3OsmfpXQOotF3jYm6HCFTF9J_M4\"><img loading=\"lazy\" decoding=\"async\" width=\"1004\" height=\"591\" src=\"https:\/\/adventureisupthere.com\/wp-content\/uploads\/2020\/04\/Sans-titre-3-2.jpg\" alt=\"\" class=\"wp-image-2559\" srcset=\"https:\/\/adventureisupthere.com\/wp-content\/uploads\/2020\/04\/Sans-titre-3-2.jpg 1004w, https:\/\/adventureisupthere.com\/wp-content\/uploads\/2020\/04\/Sans-titre-3-2-300x177.jpg 300w, https:\/\/adventureisupthere.com\/wp-content\/uploads\/2020\/04\/Sans-titre-3-2-768x452.jpg 768w\" sizes=\"auto, (max-width: 1004px) 100vw, 1004px\" \/><\/a><\/figure>\n<\/div>\n\n\n\n<div class=\"wp-block-column is-layout-flow wp-block-column-is-layout-flow\">\n<figure class=\"wp-block-image size-large\"><a href=\"http:\/\/camp-us.fr\/comment-sera-demain\/\"><img loading=\"lazy\" decoding=\"async\" width=\"1004\" height=\"591\" src=\"https:\/\/adventureisupthere.com\/wp-content\/uploads\/2020\/04\/Sans-titre-4-1.jpg\" alt=\"\" class=\"wp-image-2560\" srcset=\"https:\/\/adventureisupthere.com\/wp-content\/uploads\/2020\/04\/Sans-titre-4-1.jpg 1004w, https:\/\/adventureisupthere.com\/wp-content\/uploads\/2020\/04\/Sans-titre-4-1-300x177.jpg 300w, https:\/\/adventureisupthere.com\/wp-content\/uploads\/2020\/04\/Sans-titre-4-1-768x452.jpg 768w\" sizes=\"auto, (max-width: 1004px) 100vw, 1004px\" \/><\/a><\/figure>\n<\/div>\n<\/div>\n\n\n","protected":false},"excerpt":{"rendered":"<p>Derri\u00e8re Adventure Is Up There, il y a Julie, amoureuse du voyage, convertie \u00e0 la vanlife et passionn\u00e9e par la d\u00e9couverte du monde. Originaire du sud de la France, j&rsquo;ai 30 ans, je vis \u00e0 Montr\u00e9al, je travaille dans l&rsquo;\u00e9dition et j&rsquo;ai toujours soif d&rsquo;aventures ! Apr\u00e8s plusieurs voyages en Europe, un PVT d&rsquo;un an au Chili et un second PVT au Canada, j&rsquo;ai encore 1001 projets et j&rsquo;ai h\u00e2te de les partager avec vous. Pourquoi Adventure Is Up There ? Il s&rsquo;agit d&rsquo;une r\u00e9f\u00e9rence au film d&rsquo;animation Pixar \u00ab\u00a0L\u00e0-haut\u00a0\u00bb.Dans la version originale, la phrase \u00ab\u00a0adventure is out there\u00a0\u00bb est r\u00e9p\u00e9t\u00e9e plusieurs fois. Le film s&rsquo;appelle Up en anglais, j&rsquo;ai donc chang\u00e9 le out par le up pour un double clin d&rsquo;oeil. D&rsquo;ailleurs, si vous ne l&rsquo;avez pas encore vu, foncez ! C&rsquo;est une belle ode au voyage et au fait de r\u00e9aliser ses r\u00eaves, \u00e0 tout \u00e2ge et tout instant de sa vie. Portfolio<\/p>\n","protected":false},"author":1,"featured_media":0,"parent":0,"menu_order":0,"comment_status":"closed","ping_status":"closed","template":"","meta":{"footnotes":""},"class_list":["post-1368","page","type-page","status-publish","hentry"],"acf":[],"_links":{"self":[{"href":"https:\/\/adventureisupthere.com\/index.php\/wp-json\/wp\/v2\/pages\/1368","targetHints":{"allow":["GET"]}}],"collection":[{"href":"https:\/\/adventureisupthere.com\/index.php\/wp-json\/wp\/v2\/pages"}],"about":[{"href":"https:\/\/adventureisupthere.com\/index.php\/wp-json\/wp\/v2\/types\/page"}],"author":[{"embeddable":true,"href":"https:\/\/adventureisupthere.com\/index.php\/wp-json\/wp\/v2\/users\/1"}],"replies":[{"embeddable":true,"href":"https:\/\/adventureisupthere.com\/index.php\/wp-json\/wp\/v2\/comments?post=1368"}],"version-history":[{"count":3,"href":"https:\/\/adventureisupthere.com\/index.php\/wp-json\/wp\/v2\/pages\/1368\/revisions"}],"predecessor-version":[{"id":10258,"href":"https:\/\/adventureisupthere.com\/index.php\/wp-json\/wp\/v2\/pages\/1368\/revisions\/10258"}],"wp:attachment":[{"href":"https:\/\/adventureisupthere.com\/index.php\/wp-json\/wp\/v2\/media?parent=1368"}],"curies":[{"name":"wp","href":"https:\/\/api.w.org\/{rel}","templated":true}]}}